{"id":277,"date":"2024-11-22T04:22:45","date_gmt":"2024-11-22T10:22:45","guid":{"rendered":"https:\/\/icoresuite400.com\/?page_id=277"},"modified":"2025-05-24T02:49:58","modified_gmt":"2025-05-24T08:49:58","slug":"idiskhealthy","status":"publish","type":"page","link":"https:\/\/icoresuite400.com\/index.php\/idiskhealthy\/","title":{"rendered":"iDiskHealthy"},"content":{"rendered":"<div class=\"container\">\n<div class=\"welcomebx\">\n<div class=\"welcome_contentcolumn\">\n<h3 class=\"section_title_subtitle\">\u00bfProblemas de espacio en disco en sus equipos? &nbsp;<\/h3>\n<h2 class=\"section_title\" style=\"font-size: 1.7em; line-height: 1.2em;\">Puede recuperar cientos de GB de espacio en disco, depurando bibliotecas sin perder un solo byte<\/h2>\n<p>Consulte lo que tiene en las bibliotecas, encuentre lo que NO usa, depure de acuerdo con sus pol\u00edticas de depuraci\u00f3n sin perder un solo byte y acelere sus procesos.<\/p>\n<div class=\"ws-lc-70\">\n<ul class=\"list-2\">\n<li>Confiable<\/li>\n<li>Eficiente<\/li>\n<li>Seguro<\/li>\n<li>Funcional<\/li>\n<\/ul><\/div>\n<div class=\"ws-lc-30\" style=\"margin-top: 15px;\"> <img decoding=\"async\" alt=\"\" src=\"https:\/\/icoresuite400.com\/wp-content\/uploads\/2024\/12\/logo-idh.png\" \/ ><\/div>\n<div class=\"clear\"><\/div>\n<\/p><\/div>\n<div class=\"welcome_imgcolumn\">\n<div class=\"ImgFix\"><img decoding=\"async\" src=\"https:\/\/icoresuite400.com\/wp-content\/uploads\/2024\/12\/idh-producto.png\" alt=\"\" \/><\/div>\n<div class=\"videobox\" >\n        <img decoding=\"async\" src=\"https:\/\/icoresuite400.com\/wp-content\/uploads\/2025\/05\/video-cover-idh.png\" \/><br \/>\n        <a href=\"\" class=\"youtube-link\" youtubeid=\"ttm3rKmNl0I\"><\/p>\n<div class=\"playbtn\"><\/div>\n<p><\/a>\n      <\/div>\n<\/p><\/div>\n<div class=\"clear\"><\/div>\n<\/p><\/div>\n<\/div>\n<p><!-- .container --> <\/p>\n<div class=\"container\" style=\"margin-top: 60px;\">\n<div class=\"area_row\">\n<div class=\"left-column-65\">\n<div class=\"digital_col2  hvr-rectangle-out\">\n<div class=\"digithumb\"><img decoding=\"async\" src=\"https:\/\/icoresuite400.com\/wp-content\/themes\/persist-pro\/images\/digitai-icon01.png\" \/><\/div>\n<div class=\"digital_info\">\n<h4>Recuperaci\u00f3n<\/h4>\n<p>De cientos de GB de espacio en disco sin borrar objetos.<\/p>\n<\/div>\n<\/div>\n<div class=\"digital_col2 last hvr-rectangle-out\">\n<div class=\"digithumb\"><img decoding=\"async\" src=\"https:\/\/icoresuite400.com\/wp-content\/themes\/persist-pro\/images\/digitai-icon02.png\" \/><\/div>\n<div class=\"digital_info\">\n<h4>Reorganizaci\u00f3n<\/h4>\n<p>Diaria de archivos con registros borrados sin escribir nombres.<\/p>\n<\/div>\n<\/div>\n<div class=\"digital_col2  hvr-rectangle-out\">\n<div class=\"digithumb\"><img decoding=\"async\" src=\"https:\/\/icoresuite400.com\/wp-content\/themes\/persist-pro\/images\/digitai-icon03.png\" \/><\/div>\n<div class=\"digital_info\">\n<h4>Depuraci\u00f3n<\/h4>\n<p>De archivos de SPOOL de acuerdo con sus politicas de depuraci\u00f3n.<\/p>\n<\/div>\n<\/div>\n<div class=\"digital_col2 last hvr-rectangle-out\">\n<div class=\"digithumb\"><img decoding=\"async\" src=\"https:\/\/icoresuite400.com\/wp-content\/themes\/persist-pro\/images\/digitai-icon04.png\" \/><\/div>\n<div class=\"digital_info\">\n<h4>Aceleraci\u00f3n<\/h4>\n<p>De los respaldos &nbsp; &nbsp; diarios, semanales o mensuales.<\/p>\n<\/div>\n<\/div>\n<\/div>\n<div class=\"right-column-35\">\n<div class=\"sec_content_main_title\" style=\"color:#212121\"><span class=\"sub-title-head\">BENEFICIOS INMEDIATOS<\/span>Sus procesos comienzan a ser m\u00e1s r\u00e1pidos con archivos sin registros borrados<\/div>\n<div class=\"subtitle\" style=\"color:#494848;\">PUEDE REALIZAR CONSULTAS DIVERSAS<\/div>\n<p><!--\n\n\n<div class=\"custombtn\">\n<a class=\"morebutton hvr-float-shadow\" href=\"#\" target=\"_self\"  >View All Services<\/a>\t  \t   \n<\/div>\n\n\n--> <\/p>\n<div class=\"clear\"><\/div>\n<div class=\"space\" style=\"height: 50px;\"><\/div>\n<\/div>\n<div class=\"clear\"><\/div>\n<\/p>\n<\/div>\n<p><!-- end area_row -->  <\/p>\n<div class=\"clear\"><\/div>\n<\/div>\n<p><!-- container --><\/p>\n<div style=\"font-size: 25px; text-align: center; margin-bottom: 15px;\">iDH<\/div>\n<hr style=\"color: lightgray; margin-bottom: 35px;\" \/>\n<div>\n<img decoding=\"async\" src=\"https:\/\/icoresuite400.com\/wp-content\/uploads\/2024\/12\/idh-caracteristicas1.png\" \/><br \/>\n<img decoding=\"async\" style=\"margin-top: 20px;\" src=\"https:\/\/icoresuite400.com\/wp-content\/uploads\/2024\/12\/idh-caracteristicas2.png\" \/><br \/>\n<img decoding=\"async\" style=\"margin-top: 20px;\" src=\"https:\/\/icoresuite400.com\/wp-content\/uploads\/2024\/12\/idh-caracteristicas3.png\" \/><br \/>\n<img decoding=\"async\" style=\"margin-top: 20px;\" src=\"https:\/\/icoresuite400.com\/wp-content\/uploads\/2024\/12\/idh-caracteristicas4.png\" \/><br \/>\n<img decoding=\"async\" style=\"margin-top: 20px;\" src=\"https:\/\/icoresuite400.com\/wp-content\/uploads\/2024\/12\/idh-caracteristicas5.png\" \/>\n<\/div>\n","protected":false},"excerpt":{"rendered":"<p>\u00bfProblemas de espacio en disco en sus equipos? &nbsp; Puede recuperar cientos de GB de espacio en disco, depurando bibliotecas sin perder un solo byte Consulte lo que tiene en las bibliotecas, encuentre lo que NO usa, depure de acuerdo con sus pol\u00edticas de depuraci\u00f3n sin perder un solo byte y acelere sus procesos. Confiable Eficiente Seguro Funcional Recuperaci\u00f3n De cientos de GB de espacio en disco sin borrar objetos. Reorganizaci\u00f3n Diaria de archivos con registros borrados sin escribir nombres. Depuraci\u00f3n De archivos de SPOOL de acuerdo con sus politicas de depuraci\u00f3n. Aceleraci\u00f3n De los respaldos &nbsp; &nbsp; diarios, semanales&#8230; <\/p>\n","protected":false},"author":1,"featured_media":0,"parent":0,"menu_order":0,"comment_status":"closed","ping_status":"closed","template":"template-parts\/template-full-width.php","meta":{"footnotes":""},"class_list":["post-277","page","type-page","status-publish","hentry"],"featured_image_src":"","featured_image_src_square":false,"rbea_author_info":{"display_name":"admin","author_link":"https:\/\/icoresuite400.com\/index.php\/author\/icoresui\/"},"rbea_excerpt_info":"\u00bfProblemas de espacio en disco en sus equipos? &nbsp; Puede recuperar cientos de GB de espacio en disco, depurando bibliotecas sin perder un solo byte Consulte lo que tiene en las bibliotecas, encuentre lo que NO usa, depure de acuerdo con sus pol\u00edticas de depuraci\u00f3n sin perder un solo byte y acelere sus procesos. Confiable Eficiente Seguro Funcional Recuperaci\u00f3n De cientos de GB de espacio en disco sin borrar objetos. Reorganizaci\u00f3n Diaria de archivos con registros borrados sin escribir nombres. Depuraci\u00f3n De archivos de SPOOL de acuerdo con sus politicas de depuraci\u00f3n. Aceleraci\u00f3n De los respaldos &nbsp; &nbsp; diarios, semanales... ","_links":{"self":[{"href":"https:\/\/icoresuite400.com\/index.php\/wp-json\/wp\/v2\/pages\/277","targetHints":{"allow":["GET"]}}],"collection":[{"href":"https:\/\/icoresuite400.com\/index.php\/wp-json\/wp\/v2\/pages"}],"about":[{"href":"https:\/\/icoresuite400.com\/index.php\/wp-json\/wp\/v2\/types\/page"}],"author":[{"embeddable":true,"href":"https:\/\/icoresuite400.com\/index.php\/wp-json\/wp\/v2\/users\/1"}],"replies":[{"embeddable":true,"href":"https:\/\/icoresuite400.com\/index.php\/wp-json\/wp\/v2\/comments?post=277"}],"version-history":[{"count":74,"href":"https:\/\/icoresuite400.com\/index.php\/wp-json\/wp\/v2\/pages\/277\/revisions"}],"predecessor-version":[{"id":698,"href":"https:\/\/icoresuite400.com\/index.php\/wp-json\/wp\/v2\/pages\/277\/revisions\/698"}],"wp:attachment":[{"href":"https:\/\/icoresuite400.com\/index.php\/wp-json\/wp\/v2\/media?parent=277"}],"curies":[{"name":"wp","href":"https:\/\/api.w.org\/{rel}","templated":true}]}}