{"id":279,"date":"2024-11-22T04:24:48","date_gmt":"2024-11-22T10:24:48","guid":{"rendered":"https:\/\/icoresuite400.com\/?page_id=279"},"modified":"2025-07-21T15:11:45","modified_gmt":"2025-07-21T21:11:45","slug":"auditor-de-perfiles-de-usuario","status":"publish","type":"page","link":"https:\/\/icoresuite400.com\/index.php\/auditor-de-perfiles-de-usuario\/","title":{"rendered":"Auditor de Perfiles de Usuario"},"content":{"rendered":"<div class=\"container\">\n<div class=\"welcomebx\">\n<div class=\"welcome_contentcolumn\">\n<h3 class=\"section_title_subtitle\">Audita riesgos de seguridad en los perfiles de usuario<\/h3>\n<h2 class=\"section_title\" style=\"font-size: 1.7em; line-height: 1.2em;\">Identifica y elimina las vulnerabilidades que existan<\/br>en los perfiles de usuario<\/h2>\n<p>Tambi\u00e9n reporta los perfiles de usuario existentes y su tipo. Clasifica, revisa y adiciona o quita privilegios a los perfiles.<\/p>\n<div class=\"ws-lc-70\">\n<ul class=\"list-2\">\n<li>Confiable<\/li>\n<li>Eficiente<\/li>\n<li>Seguro<\/li>\n<li>Funcional<\/li>\n<\/ul><\/div>\n<div class=\"ws-lc-30\" style=\"margin-top: 15px;\"> <img decoding=\"async\" alt=\"\" src=\"https:\/\/icoresuite400.com\/wp-content\/uploads\/2025\/07\/logo-pwr.png\" \/ ><\/div>\n<div class=\"clear\"><\/div>\n<\/p><\/div>\n<div class=\"welcome_imgcolumn\">\n<div class=\"ImgFix\"><img decoding=\"async\" src=\"https:\/\/icoresuite400.com\/wp-content\/uploads\/2025\/07\/pwr-pantalla.png\" alt=\"\" \/><\/div>\n<div class=\"videobox\" >\n        <img decoding=\"async\" src=\"https:\/\/icoresuite400.com\/wp-content\/uploads\/2025\/07\/video-cover-pwr.png\" \/><br \/>\n        <a href=\"\" class=\"youtube-link\" youtubeid=\"h5o0C8cW4zg\"><\/p>\n<div class=\"playbtn\"><\/div>\n<p><\/a>\n      <\/div>\n<\/p><\/div>\n<div class=\"clear\"><\/div>\n<\/p><\/div>\n<\/div>\n<p><!-- .container --> <\/p>\n<div class=\"container\" style=\"margin-top: 60px;\">\n<div class=\"area_row\">\n<div class=\"left-column-65\">\n<div class=\"digital_col2  hvr-rectangle-out\">\n<div class=\"digithumb\"><img decoding=\"async\" src=\"https:\/\/icoresuite400.com\/wp-content\/themes\/persist-pro\/images\/digitai-icon01.png\" \/><\/div>\n<div class=\"digital_info\">\n<h4>Consulta Perfiles<\/h4>\n<p>Por nombre, gen\u00e9rico o clase, activos, inactivos, por d\u00edas sin acceder.<\/p>\n<\/div>\n<\/div>\n<div class=\"digital_col2 last hvr-rectangle-out\">\n<div class=\"digithumb\"><img decoding=\"async\" src=\"https:\/\/icoresuite400.com\/wp-content\/themes\/persist-pro\/images\/digitai-icon02.png\" \/><\/div>\n<div class=\"digital_info\">\n<h4>Audita Perfiles<\/h4>\n<p>Intentos inv\u00e1lidos de acceso, autorizaciones especiales y m\u00e1s.<\/p>\n<\/div>\n<\/div>\n<div class=\"digital_col2  hvr-rectangle-out\">\n<div class=\"digithumb\"><img decoding=\"async\" src=\"https:\/\/icoresuite400.com\/wp-content\/themes\/persist-pro\/images\/digitai-icon03.png\" \/><\/div>\n<div class=\"digital_info\">\n<h4>Depura Perfiles<\/h4>\n<p>Configura no depurables y d\u00edas de proceso, consulta depurados y pendientes.<\/p>\n<\/div>\n<\/div>\n<div class=\"digital_col2 last hvr-rectangle-out\">\n<div class=\"digithumb\"><img decoding=\"async\" src=\"https:\/\/icoresuite400.com\/wp-content\/themes\/persist-pro\/images\/digitai-icon04.png\" \/><\/div>\n<div class=\"digital_info\">\n<h4>Utiler\u00edas de Apoyo<\/h4>\n<p>Habilitar y deshabilitar perfiles, consultar y reconstruir perfiles depurados.<\/p>\n<\/div>\n<\/div>\n<\/div>\n<div class=\"right-column-35\">\n<div class=\"sec_content_main_title\" style=\"color:#212121\"><span class=\"sub-title-head\">Soluciones inmediatas<\/span>Perfiles depurados de forma segura, con bit\u00e1cora para recuperar perfiles depurados<\/div>\n<div class=\"subtitle\" style=\"color:#494848;\">Perfiles del Equipo + Perfiles de la Empresa<\/div>\n<p><!--\n\n\n<div class=\"custombtn\">\n<a class=\"morebutton hvr-float-shadow\" href=\"#\" target=\"_self\"  >View All Services<\/a>\t  \t   \n<\/div>\n\n\n--> <\/p>\n<div class=\"clear\"><\/div>\n<div class=\"space\" style=\"height: 50px;\"><\/div>\n<\/div>\n<div class=\"clear\"><\/div>\n<\/p>\n<\/div>\n<p><!-- end area_row -->  <\/p>\n<div class=\"clear\"><\/div>\n<\/div>\n<p><!-- container --><\/p>\n<div style=\"font-size: 25px; text-align: center; margin-bottom: 15px;\">PWR<\/div>\n<hr style=\"color: lightgray; margin-bottom: 35px;\" \/>\n<div>\n<h3>Objetivo<\/h3>\n<ul class=\"list-1\" style=\"margin-left: 20px;\">\n<li style=\"font-weight: normal;\">Conocer cu\u00e1ntos perfiles de usuario hay en el equipo y de qu\u00e9 tipo.<\/li>\n<li style=\"font-weight: normal;\">Identificar y eliminar la vulnerabilidad existente en los perfiles de usuario, de acuerdo con las pol\u00edticas de la direcci\u00f3n de TI.<\/li>\n<\/ul>\n<h3 style=\"margin-top: 30px;\">Alcance<\/h3>\n<ul class=\"list-1\" style=\"margin-left: 20px;\">\n<li style=\"font-weight: normal;\">Informaci\u00f3n de todos los perfiles de usuario en tiempo real.<\/li>\n<li style=\"font-weight: normal;\">Apoyo para incrementar la seguridad en los perfiles de usuario.<\/li>\n<li style=\"font-weight: normal;\">Clasificar los perfiles de usuario por su tipo (SECOFR, SECADM, PGMR, SYSOPR, USER).<\/li>\n<li style=\"font-weight: normal;\">Revisar, adicionar o quitar privilegios a los perfiles de usuario.<\/li>\n<li style=\"font-weight: normal;\">Configurar procesos diario o semanal para deshabilitar o depurar perfiles en forma autom\u00e1tica, que no hayan accedido en el tiempo establecido por la direcci\u00f3n de TI.<\/li>\n<li style=\"font-weight: normal;\">Perfiles depurados para evitar que accedan los que ya NO colaboran con la empresa.<\/li>\n<li style=\"font-weight: normal;\">Consultar los perfiles depurados y reconstruir desde la bit\u00e1cora de perfiles.<\/li>\n<\/ul>\n<p style=\"font-size: 1.5em; font-weight: bold; color: darkred; margin-top: 40px; text-align: center;\">Est\u00e1 seguro&#8230; \u00bfque su equipo es seguro?<\/p>\n<\/div>\n","protected":false},"excerpt":{"rendered":"<p>Audita riesgos de seguridad en los perfiles de usuario Identifica y elimina las vulnerabilidades que existanen los perfiles de usuario Tambi\u00e9n reporta los perfiles de usuario existentes y su tipo. Clasifica, revisa y adiciona o quita privilegios a los perfiles. Confiable Eficiente Seguro Funcional Consulta Perfiles Por nombre, gen\u00e9rico o clase, activos, inactivos, por d\u00edas sin acceder. Audita Perfiles Intentos inv\u00e1lidos de acceso, autorizaciones especiales y m\u00e1s. Depura Perfiles Configura no depurables y d\u00edas de proceso, consulta depurados y pendientes. Utiler\u00edas de Apoyo Habilitar y deshabilitar perfiles, consultar y reconstruir perfiles depurados. Soluciones inmediatasPerfiles depurados de forma segura, con bit\u00e1cora&#8230; <\/p>\n","protected":false},"author":1,"featured_media":0,"parent":0,"menu_order":0,"comment_status":"closed","ping_status":"closed","template":"template-parts\/template-full-width.php","meta":{"footnotes":""},"class_list":["post-279","page","type-page","status-publish","hentry"],"featured_image_src":"","featured_image_src_square":false,"rbea_author_info":{"display_name":"admin","author_link":"https:\/\/icoresuite400.com\/index.php\/author\/icoresui\/"},"rbea_excerpt_info":"Audita riesgos de seguridad en los perfiles de usuario Identifica y elimina las vulnerabilidades que existanen los perfiles de usuario Tambi\u00e9n reporta los perfiles de usuario existentes y su tipo. Clasifica, revisa y adiciona o quita privilegios a los perfiles. Confiable Eficiente Seguro Funcional Consulta Perfiles Por nombre, gen\u00e9rico o clase, activos, inactivos, por d\u00edas sin acceder. Audita Perfiles Intentos inv\u00e1lidos de acceso, autorizaciones especiales y m\u00e1s. Depura Perfiles Configura no depurables y d\u00edas de proceso, consulta depurados y pendientes. Utiler\u00edas de Apoyo Habilitar y deshabilitar perfiles, consultar y reconstruir perfiles depurados. Soluciones inmediatasPerfiles depurados de forma segura, con bit\u00e1cora... ","_links":{"self":[{"href":"https:\/\/icoresuite400.com\/index.php\/wp-json\/wp\/v2\/pages\/279","targetHints":{"allow":["GET"]}}],"collection":[{"href":"https:\/\/icoresuite400.com\/index.php\/wp-json\/wp\/v2\/pages"}],"about":[{"href":"https:\/\/icoresuite400.com\/index.php\/wp-json\/wp\/v2\/types\/page"}],"author":[{"embeddable":true,"href":"https:\/\/icoresuite400.com\/index.php\/wp-json\/wp\/v2\/users\/1"}],"replies":[{"embeddable":true,"href":"https:\/\/icoresuite400.com\/index.php\/wp-json\/wp\/v2\/comments?post=279"}],"version-history":[{"count":85,"href":"https:\/\/icoresuite400.com\/index.php\/wp-json\/wp\/v2\/pages\/279\/revisions"}],"predecessor-version":[{"id":728,"href":"https:\/\/icoresuite400.com\/index.php\/wp-json\/wp\/v2\/pages\/279\/revisions\/728"}],"wp:attachment":[{"href":"https:\/\/icoresuite400.com\/index.php\/wp-json\/wp\/v2\/media?parent=279"}],"curies":[{"name":"wp","href":"https:\/\/api.w.org\/{rel}","templated":true}]}}