{"id":539,"date":"2024-12-16T15:35:52","date_gmt":"2024-12-16T21:35:52","guid":{"rendered":"https:\/\/icoresuite400.com\/?page_id=539"},"modified":"2024-12-18T02:02:16","modified_gmt":"2024-12-18T08:02:16","slug":"icoresuite400","status":"publish","type":"page","link":"https:\/\/icoresuite400.com\/index.php\/icoresuite400\/","title":{"rendered":"iCoreSuite400"},"content":{"rendered":"<div class=\"container\" style=\"margin-top: 0px; border: solid 1px red;\">\n<div class=\"left-column-90\" style=\"border: solid 1px black;\">\n<h4 style=\"margin-top: 20px;\">Gestor de Seguridad Integral<\/h4>\n<div class=\"digital_col2 hvr-rectangle-out\" style=\"margin-top: 20px;\">\n<div><img decoding=\"async\" src=\"https:\/\/icoresuite400.com\/wp-content\/uploads\/2024\/12\/gsi-icore-suite.png\" \/><\/div>\n<\/div>\n<div class=\"digital_col2 last hvr-rectangle-out\">\n<ul class=\"list-1\">\n<li style=\"color: black; font-weight: normal; font-size: 0.9em;\"><strong>Firewall GSI.<\/strong> Doble y triple capa de seguridad de acceso.<\/li>\n<li style=\"color: black; font-weight: normal; font-size: 0.9em;\"><strong>Men\u00fas Virtuales.<\/strong> Genera y presenta men\u00fas virtuales inmediatos.<\/li>\n<li style=\"color: black; font-weight: normal; font-size: 0.9em;\"><strong>Usuarios.<\/strong> Genera y personaliza roles y perfiles.<\/li>\n<li style=\"color: black; font-weight: normal; font-size: 0.9em;\"><strong>Tablas.<\/strong> Ayuda a eliminar c\u00f3digo duro.<\/li>\n<li style=\"color: black; font-weight: normal; font-size: 0.9em;\"><strong>Ayudas.<\/strong> Para crear manuales de usuario inmediatos \u00a1en menos de 5 minutos!<\/li>\n<\/ul>\n<\/div>\n<\/div>\n<div class=\"left-column-90\" style=\"border: solid 1px blue;\">\n<h4 style=\"margin-top: 20px;\">iDiskHealthy<\/h4>\n<div class=\"digital_col2  hvr-rectangle-out\" style=\"margin-top: 20px;\">\n<div><img decoding=\"async\" src=\"https:\/\/icoresuite400.com\/wp-content\/uploads\/2024\/12\/idh-icore-suite.png\" \/><\/div>\n<\/div>\n<div class=\"digital_col2 last hvr-rectangle-out\">\n<h5>\u00bfTiene discos obesos?<\/h5>\n<ul class=\"list-1\">\n<li style=\"color: black; font-weight: normal; font-size: 0.9em;\">Le ayudo a encontrar lo que NO usa.<\/li>\n<li style=\"color: black; font-weight: normal; font-size: 0.9em;\">Depuro sus bibliotecas sin perder un solo byte, de acuerdo con sus pol\u00edticas de depuraci\u00f3n.<\/li>\n<li style=\"color: black; font-weight: normal; font-size: 0.9em;\">Ayudo a acelerar sus procesos.<\/li>\n<li style=\"color: black; font-weight: normal; font-size: 0.9em;\">Consulte todo lo que tiene en las bibliotecas.<\/li>\n<\/ul>\n<\/div>\n<\/div>\n<div class=\"left-column-90\" style=\"border: solid 1px black;\">\n<h4 style=\"margin-top: 20px;\">Auditor de Perfiles de Usuario<\/h4>\n<div class=\"digital_col2 hvr-rectangle-out\" style=\"margin-top: 20px;\">\n<div><img decoding=\"async\" src=\"https:\/\/icoresuite400.com\/wp-content\/uploads\/2024\/12\/apu-icoresuite.png\" \/><\/div>\n<\/div>\n<div class=\"digital_col2 last hvr-rectangle-out\" style=\"margin-top: 20px;\">\n<ul class=\"list-1\">\n<li style=\"color: black; font-weight: normal; font-size: 0.9em;\">Ayuda a eliminar la vulnerabilidad.<\/li>\n<li style=\"color: black; font-weight: normal; font-size: 0.9em;\">Consulte los perfiles de usuario por tipo y problema.<\/li>\n<li style=\"color: black; font-weight: normal; font-size: 0.9em;\">Deshabilite\/depure perfiles que no acceden al equipo de acuerdo con las pol\u00edticas de la direcci\u00f3n de TI.<\/li>\n<\/ul>\n<\/div>\n<\/div>\n<div class=\"left-column-90\" style=\"border: solid 1px blue;\">\n<h4 style=\"margin-top: 20px;\">iDiskHealthy<\/h4>\n<div class=\"digital_col2  hvr-rectangle-out\" style=\"margin-top: 20px;\">\n<div><img decoding=\"async\" src=\"https:\/\/icoresuite400.com\/wp-content\/uploads\/2024\/12\/idh-icore-suite.png\" \/><\/div>\n<\/div>\n<div class=\"digital_col2 last hvr-rectangle-out\">\n<h5>\u00bfTiene discos obesos?<\/h5>\n<ul class=\"list-1\">\n<li style=\"color: black; font-weight: normal; font-size: 0.9em;\">Le ayudo a encontrar lo que NO usa.<\/li>\n<li style=\"color: black; font-weight: normal; font-size: 0.9em;\">Depuro sus bibliotecas sin perder un solo byte, de acuerdo con sus pol\u00edticas de depuraci\u00f3n.<\/li>\n<li style=\"color: black; font-weight: normal; font-size: 0.9em;\">Ayudo a acelerar sus procesos.<\/li>\n<li style=\"color: black; font-weight: normal; font-size: 0.9em;\">Consulte todo lo que tiene en las bibliotecas.<\/li>\n<\/ul>\n<\/div>\n<\/div>\n<div class=\"clear\"><\/div>\n<p> <!-- Para que no se encime lo que sigue -->\n<\/div>\n<p><!-- container --><\/p>\n<div style=\"font-size: 25px; text-align: center; margin-bottom: 15px;\">GSI<\/div>\n<hr style=\"color: lightgray; margin-bottom: 35px;\" \/>\n<div>\n<img decoding=\"async\" src=\"https:\/\/icoresuite400.com\/wp-content\/uploads\/2024\/11\/gsi-aplicaciones-2.png\" \/><br \/>\n<img decoding=\"async\" style=\"margin-top: 30px;\" src=\"https:\/\/icoresuite400.com\/wp-content\/uploads\/2024\/11\/caracteristicas.png\" \/>\n<\/div>\n<p style=\"font-size: 20px; margin-top: 40px; color: #2371b1;\">EJEMPLO DE PANTALLAS DE MEN\u00daS<\/p>\n<div>\n<img decoding=\"async\" src=\"https:\/\/icoresuite400.com\/wp-content\/uploads\/2024\/11\/gsi-pantallas-menus.png\" \/>\n<\/div>\n","protected":false},"excerpt":{"rendered":"<p>Gestor de Seguridad Integral Firewall GSI. Doble y triple capa de seguridad de acceso. Men\u00fas Virtuales. Genera y presenta men\u00fas virtuales inmediatos. Usuarios. Genera y personaliza roles y perfiles. Tablas. Ayuda a eliminar c\u00f3digo duro. Ayudas. Para crear manuales de usuario inmediatos \u00a1en menos de 5 minutos! iDiskHealthy \u00bfTiene discos obesos? Le ayudo a encontrar lo que NO usa. Depuro sus bibliotecas sin perder un solo byte, de acuerdo con sus pol\u00edticas de depuraci\u00f3n. Ayudo a acelerar sus procesos. Consulte todo lo que tiene en las bibliotecas. Auditor de Perfiles de Usuario Ayuda a eliminar la vulnerabilidad. Consulte los perfiles&#8230; <\/p>\n","protected":false},"author":1,"featured_media":0,"parent":0,"menu_order":0,"comment_status":"closed","ping_status":"closed","template":"template-parts\/template-full-width.php","meta":{"footnotes":""},"class_list":["post-539","page","type-page","status-publish","hentry"],"featured_image_src":"","featured_image_src_square":false,"rbea_author_info":{"display_name":"admin","author_link":"https:\/\/icoresuite400.com\/index.php\/author\/icoresui\/"},"rbea_excerpt_info":"Gestor de Seguridad Integral Firewall GSI. Doble y triple capa de seguridad de acceso. Men\u00fas Virtuales. Genera y presenta men\u00fas virtuales inmediatos. Usuarios. Genera y personaliza roles y perfiles. Tablas. Ayuda a eliminar c\u00f3digo duro. Ayudas. Para crear manuales de usuario inmediatos \u00a1en menos de 5 minutos! iDiskHealthy \u00bfTiene discos obesos? Le ayudo a encontrar lo que NO usa. Depuro sus bibliotecas sin perder un solo byte, de acuerdo con sus pol\u00edticas de depuraci\u00f3n. Ayudo a acelerar sus procesos. Consulte todo lo que tiene en las bibliotecas. Auditor de Perfiles de Usuario Ayuda a eliminar la vulnerabilidad. Consulte los perfiles... ","_links":{"self":[{"href":"https:\/\/icoresuite400.com\/index.php\/wp-json\/wp\/v2\/pages\/539","targetHints":{"allow":["GET"]}}],"collection":[{"href":"https:\/\/icoresuite400.com\/index.php\/wp-json\/wp\/v2\/pages"}],"about":[{"href":"https:\/\/icoresuite400.com\/index.php\/wp-json\/wp\/v2\/types\/page"}],"author":[{"embeddable":true,"href":"https:\/\/icoresuite400.com\/index.php\/wp-json\/wp\/v2\/users\/1"}],"replies":[{"embeddable":true,"href":"https:\/\/icoresuite400.com\/index.php\/wp-json\/wp\/v2\/comments?post=539"}],"version-history":[{"count":101,"href":"https:\/\/icoresuite400.com\/index.php\/wp-json\/wp\/v2\/pages\/539\/revisions"}],"predecessor-version":[{"id":654,"href":"https:\/\/icoresuite400.com\/index.php\/wp-json\/wp\/v2\/pages\/539\/revisions\/654"}],"wp:attachment":[{"href":"https:\/\/icoresuite400.com\/index.php\/wp-json\/wp\/v2\/media?parent=539"}],"curies":[{"name":"wp","href":"https:\/\/api.w.org\/{rel}","templated":true}]}}