{"id":56,"date":"2024-11-04T04:56:27","date_gmt":"2024-11-04T10:56:27","guid":{"rendered":"https:\/\/icoresuite400.com\/?page_id=56"},"modified":"2024-12-10T17:07:30","modified_gmt":"2024-12-10T23:07:30","slug":"gestor-de-seguridad-integral","status":"publish","type":"page","link":"https:\/\/icoresuite400.com\/index.php\/gestor-de-seguridad-integral\/","title":{"rendered":"Gestor de Seguridad Integral"},"content":{"rendered":"<div class=\"container\">\n<div class=\"welcomebx\">\n<div class=\"welcome_contentcolumn\">\n<h3 class=\"section_title_subtitle\">Generador autom\u00e1tico de men\u00fas virtuales en tiempo real &nbsp;<\/h3>\n<h2 class=\"section_title\" style=\"font-size: 1.7em; line-height: 1.2em;\">GSI incrementa la seguridad de acceso a las aplicaciones sin cambiar la programaci\u00f3n actual<\/h2>\n<p>Genera men\u00fas virtuales corporativos y por aplicaci\u00f3n, incrementa la seguridad de acceso con doble y triple capa de protecci\u00f3n para acceder a las opciones de men\u00fa.<\/p>\n<div class=\"ws-lc-70\">\n<ul class=\"list-2\">\n<li>Confiable<\/li>\n<li>Eficiente<\/li>\n<li>Seguro<\/li>\n<li>Funcional<\/li>\n<\/ul><\/div>\n<div class=\"ws-lc-30\" style=\"margin-top: 15px;\"> <img decoding=\"async\" alt=\"\" src=\"https:\/\/icoresuite400.com\/wp-content\/uploads\/2024\/11\/logo-gsi.png\" \/ ><\/div>\n<div class=\"clear\"><\/div>\n<\/p><\/div>\n<div class=\"welcome_imgcolumn\">\n<div class=\"ImgFix\"><img decoding=\"async\" src=\"https:\/\/icoresuite400.com\/wp-content\/uploads\/2024\/11\/gsi-producto.png\" alt=\"\" \/><\/div>\n<div class=\"videobox\" >\n        <img decoding=\"async\" src=\"https:\/\/icoresuite400.com\/wp-content\/uploads\/2024\/11\/video-cover.png\" \/><br \/>\n        <a href=\"\" class=\"youtube-link\" youtubeid=\"h5o0C8cW4zg\"><\/p>\n<div class=\"playbtn\"><\/div>\n<p><\/a>\n      <\/div>\n<\/p><\/div>\n<div class=\"clear\"><\/div>\n<\/p><\/div>\n<\/div>\n<p><!-- .container --> <\/p>\n<div class=\"container\" style=\"margin-top: 60px;\">\n<div class=\"area_row\">\n<div class=\"left-column-65\">\n<div class=\"digital_col2  hvr-rectangle-out\">\n<div class=\"digithumb\"><img decoding=\"async\" src=\"https:\/\/icoresuite400.com\/wp-content\/themes\/persist-pro\/images\/digitai-icon01.png\" \/><\/div>\n<div class=\"digital_info\">\n<h4>Firewall GSI<\/h4>\n<p>Doble y triple capa de seguridad de acceso.<\/p>\n<\/div>\n<\/div>\n<div class=\"digital_col2 last hvr-rectangle-out\">\n<div class=\"digithumb\"><img decoding=\"async\" src=\"https:\/\/icoresuite400.com\/wp-content\/themes\/persist-pro\/images\/digitai-icon02.png\" \/><\/div>\n<div class=\"digital_info\">\n<h4>Men\u00fas Virtuales<\/h4>\n<p>Genera men\u00fas virtuales inmediatos.<\/p>\n<\/div>\n<\/div>\n<div class=\"digital_col2  hvr-rectangle-out\">\n<div class=\"digithumb\"><img decoding=\"async\" src=\"https:\/\/icoresuite400.com\/wp-content\/themes\/persist-pro\/images\/digitai-icon03.png\" \/><\/div>\n<div class=\"digital_info\">\n<h4>Usuarios<\/h4>\n<p>Genera y personaliza roles y perfiles.<\/p>\n<\/div>\n<\/div>\n<div class=\"digital_col2 last hvr-rectangle-out\">\n<div class=\"digithumb\"><img decoding=\"async\" src=\"https:\/\/icoresuite400.com\/wp-content\/themes\/persist-pro\/images\/digitai-icon04.png\" \/><\/div>\n<div class=\"digital_info\">\n<h4>Tablas<\/h4>\n<p>Ayuda a eliminar c\u00f3digo duro.<\/p>\n<\/div>\n<\/div>\n<\/div>\n<div class=\"right-column-35\">\n<div class=\"sec_content_main_title\" style=\"color:#212121\"><span class=\"sub-title-head\">CON AYUDAS<\/span>Para crear manuales de usuario inmediatos<\/div>\n<div class=\"subtitle\" style=\"color:#494848;\">\u00a1EN MENOS DE 5 MINUTOS!<\/div>\n<p><!--\n\n\n<div class=\"custombtn\">\n<a class=\"morebutton hvr-float-shadow\" href=\"#\" target=\"_self\"  >View All Services<\/a>\t  \t   \n<\/div>\n\n\n--> <\/p>\n<div class=\"clear\"><\/div>\n<div class=\"space\" style=\"height: 50px;\"><\/div>\n<\/div>\n<div class=\"clear\"><\/div>\n<\/p>\n<\/div>\n<p><!-- end area_row -->  <\/p>\n<div class=\"clear\"><\/div>\n<\/div>\n<p><!-- container --><\/p>\n<div style=\"font-size: 25px; text-align: center; margin-bottom: 15px;\">GSI<\/div>\n<hr style=\"color: lightgray; margin-bottom: 35px;\" \/>\n<div>\n<img decoding=\"async\" src=\"https:\/\/icoresuite400.com\/wp-content\/uploads\/2024\/11\/gsi-aplicaciones-2.png\" \/><br \/>\n<img decoding=\"async\" style=\"margin-top: 30px;\" src=\"https:\/\/icoresuite400.com\/wp-content\/uploads\/2024\/11\/caracteristicas.png\" \/>\n<\/div>\n<p style=\"font-size: 20px; margin-top: 40px; color: #2371b1;\">EJEMPLO DE PANTALLAS DE MEN\u00daS<\/p>\n<div>\n<img decoding=\"async\" src=\"https:\/\/icoresuite400.com\/wp-content\/uploads\/2024\/11\/gsi-pantallas-menus.png\" \/>\n<\/div>\n","protected":false},"excerpt":{"rendered":"<p>Generador autom\u00e1tico de men\u00fas virtuales en tiempo real &nbsp; GSI incrementa la seguridad de acceso a las aplicaciones sin cambiar la programaci\u00f3n actual Genera men\u00fas virtuales corporativos y por aplicaci\u00f3n, incrementa la seguridad de acceso con doble y triple capa de protecci\u00f3n para acceder a las opciones de men\u00fa. Confiable Eficiente Seguro Funcional Firewall GSI Doble y triple capa de seguridad de acceso. Men\u00fas Virtuales Genera men\u00fas virtuales inmediatos. Usuarios Genera y personaliza roles y perfiles. Tablas Ayuda a eliminar c\u00f3digo duro. CON AYUDASPara crear manuales de usuario inmediatos \u00a1EN MENOS DE 5 MINUTOS! GSI EJEMPLO DE PANTALLAS DE MEN\u00daS<\/p>\n","protected":false},"author":1,"featured_media":0,"parent":0,"menu_order":0,"comment_status":"closed","ping_status":"closed","template":"template-parts\/template-full-width.php","meta":{"footnotes":""},"class_list":["post-56","page","type-page","status-publish","hentry"],"featured_image_src":"","featured_image_src_square":false,"rbea_author_info":{"display_name":"admin","author_link":"https:\/\/icoresuite400.com\/index.php\/author\/icoresui\/"},"rbea_excerpt_info":"Generador autom\u00e1tico de men\u00fas virtuales en tiempo real &nbsp; GSI incrementa la seguridad de acceso a las aplicaciones sin cambiar la programaci\u00f3n actual Genera men\u00fas virtuales corporativos y por aplicaci\u00f3n, incrementa la seguridad de acceso con doble y triple capa de protecci\u00f3n para acceder a las opciones de men\u00fa. Confiable Eficiente Seguro Funcional Firewall GSI Doble y triple capa de seguridad de acceso. Men\u00fas Virtuales Genera men\u00fas virtuales inmediatos. Usuarios Genera y personaliza roles y perfiles. Tablas Ayuda a eliminar c\u00f3digo duro. CON AYUDASPara crear manuales de usuario inmediatos \u00a1EN MENOS DE 5 MINUTOS! GSI EJEMPLO DE PANTALLAS DE MEN\u00daS","_links":{"self":[{"href":"https:\/\/icoresuite400.com\/index.php\/wp-json\/wp\/v2\/pages\/56","targetHints":{"allow":["GET"]}}],"collection":[{"href":"https:\/\/icoresuite400.com\/index.php\/wp-json\/wp\/v2\/pages"}],"about":[{"href":"https:\/\/icoresuite400.com\/index.php\/wp-json\/wp\/v2\/types\/page"}],"author":[{"embeddable":true,"href":"https:\/\/icoresuite400.com\/index.php\/wp-json\/wp\/v2\/users\/1"}],"replies":[{"embeddable":true,"href":"https:\/\/icoresuite400.com\/index.php\/wp-json\/wp\/v2\/comments?post=56"}],"version-history":[{"count":179,"href":"https:\/\/icoresuite400.com\/index.php\/wp-json\/wp\/v2\/pages\/56\/revisions"}],"predecessor-version":[{"id":487,"href":"https:\/\/icoresuite400.com\/index.php\/wp-json\/wp\/v2\/pages\/56\/revisions\/487"}],"wp:attachment":[{"href":"https:\/\/icoresuite400.com\/index.php\/wp-json\/wp\/v2\/media?parent=56"}],"curies":[{"name":"wp","href":"https:\/\/api.w.org\/{rel}","templated":true}]}}